{"id":3829,"date":"2025-02-24T11:11:51","date_gmt":"2025-02-24T11:11:51","guid":{"rendered":"https:\/\/vanherwijnenverhuur.com\/?post_type=product&#038;p=3829"},"modified":"2025-07-24T18:33:09","modified_gmt":"2025-07-24T16:33:09","slug":"rose-gold-vlaggenlijn-10-meter","status":"publish","type":"product","link":"https:\/\/vanherwijnenverhuur.com\/?product=rose-gold-vlaggenlijn-10-meter","title":{"rendered":"Ros\u00e9 gold vlaggenlijn 10 meter"},"content":{"rendered":"<p>Cre\u00eber een glamoursfeer met deze vlaggenlijn in ros\u00e9goud. Deze prachtige slinger is gemaakt van hoogwaardig folie en straalt een metallic effect uit. Met een lengte van 10 meter en vlaggen die 30 cm hoog zijn, is dit de perfecte feestdecoratie voor elke gelegenheid. Of je nu een verjaardagsfeest, bruiloft, jubileum of een andere speciale gelegenheid viert, deze vlaggenlijn in metallic ros\u00e9-goud zal zeker de aandacht trekken van al jouw gasten.<\/p>\n","protected":false},"excerpt":{"rendered":"<p>Cre\u00eber een glamoursfeer met deze vlaggenlijn in ros\u00e9goud. Deze prachtige slinger is gemaakt van hoogwaardig folie en straalt een metallic effect uit. Met een lengte van 10 meter en vlaggen die 30 cm hoog zijn, is dit de perfecte feestdecoratie voor elke gelegenheid. Of je nu een verjaardagsfeest, bruiloft, jubileum of een andere speciale gelegenheid [&hellip;]<\/p>\n","protected":false},"featured_media":3831,"comment_status":"open","ping_status":"closed","template":"","meta":[],"product_brand":[],"product_cat":[54],"product_tag":[],"class_list":{"0":"post-3829","1":"product","2":"type-product","3":"status-publish","4":"has-post-thumbnail","6":"product_cat-vlaggenlijn","7":"product_shipping_class-ballonnen","9":"first","10":"instock","11":"taxable","12":"shipping-taxable","13":"purchasable","14":"product-type-simple"},"_links":{"self":[{"href":"https:\/\/vanherwijnenverhuur.com\/index.php?rest_route=\/wp\/v2\/product\/3829","targetHints":{"allow":["GET"]}}],"collection":[{"href":"https:\/\/vanherwijnenverhuur.com\/index.php?rest_route=\/wp\/v2\/product"}],"about":[{"href":"https:\/\/vanherwijnenverhuur.com\/index.php?rest_route=\/wp\/v2\/types\/product"}],"replies":[{"embeddable":true,"href":"https:\/\/vanherwijnenverhuur.com\/index.php?rest_route=%2Fwp%2Fv2%2Fcomments&post=3829"}],"wp:featuredmedia":[{"embeddable":true,"href":"https:\/\/vanherwijnenverhuur.com\/index.php?rest_route=\/wp\/v2\/media\/3831"}],"wp:attachment":[{"href":"https:\/\/vanherwijnenverhuur.com\/index.php?rest_route=%2Fwp%2Fv2%2Fmedia&parent=3829"}],"wp:term":[{"taxonomy":"product_brand","embeddable":true,"href":"https:\/\/vanherwijnenverhuur.com\/index.php?rest_route=%2Fwp%2Fv2%2Fproduct_brand&post=3829"},{"taxonomy":"product_cat","embeddable":true,"href":"https:\/\/vanherwijnenverhuur.com\/index.php?rest_route=%2Fwp%2Fv2%2Fproduct_cat&post=3829"},{"taxonomy":"product_tag","embeddable":true,"href":"https:\/\/vanherwijnenverhuur.com\/index.php?rest_route=%2Fwp%2Fv2%2Fproduct_tag&post=3829"}],"curies":[{"name":"wp","href":"https:\/\/api.w.org\/{rel}","templated":true}]}}